{"id":55095,"date":"2026-05-06T09:24:06","date_gmt":"2026-05-06T06:24:06","guid":{"rendered":"https:\/\/amberglow.lt\/Bez kategorijas\/stacionarais-dators-ryzen-9-9950x3d2-dual-edition-rtx-5090-32gb\/"},"modified":"2026-05-06T09:24:06","modified_gmt":"2026-05-06T06:24:06","slug":"stacionarais-dators-ryzen-9-9950x3d2-dual-edition-rtx-5090-32gb","status":"publish","type":"product","link":"https:\/\/amberglow.lt\/lv\/stacionarie-datori\/stacionarais-dators-ryzen-9-9950x3d2-dual-edition-rtx-5090-32gb\/","title":{"rendered":"Stacion\u0101rais dators Ryzen 9 9950X3D2 Dual Edition, RTX 5090 32GB"},"content":{"rendered":"<p data-start=\"0\" data-end=\"139\">\u201e<strong data-start=\"1\" data-end=\"38\">AMD Ryzen 9 9950X3D2 Dual Edition<\/strong>\u201c un \u201e<strong data-start=\"44\" data-end=\"82\">NVIDIA GeForce RTX 5090 32GB GDDR7<\/strong>\u201c \u2013 <strong data-start=\"86\" data-end=\"139\">izcil\u0101k\u0101 kombin\u0101cija 1440p, 4K un pat 8K sp\u0113l\u0113m<\/strong><\/p>\n<p data-start=\"141\" data-end=\"655\">\u0160\u012b kombin\u0101cija ir paredz\u0113ta entuziastiem, kuri tiecas p\u0113c <strong data-start=\"188\" data-end=\"218\">maksim\u0101li iesp\u0113jam\u0101s veiktsp\u0113jas<\/strong>, augst\u0101kajiem FPS rezult\u0101tiem un piln\u012bgi pl\u016bsto\u0161as pieredzes pat vispras\u012bg\u0101kaj\u0101s AAA sp\u0113l\u0113s. \u201e<strong data-start=\"315\" data-end=\"348\">Ryzen 9 9950X3D2 Dual Edition<\/strong>\u201c ar dubulto <strong data-start=\"361\" data-end=\"375\">3D V-Cache<\/strong> ir viens no progres\u012bv\u0101kajiem AMD procesoriem, kas rad\u012bts gan profesion\u0101lam darbam, gan ekstrem\u0101lai sp\u0113\u013cu veiktsp\u0113jai, savuk\u0101rt \u201e<strong data-start=\"490\" data-end=\"513\">RTX 5090 32GB GDDR7<\/strong>\u201c nodro\u0161ina absol\u016bti augst\u0101k\u0101s klases NVIDIA grafisko jaudu ar <strong data-start=\"580\" data-end=\"590\">DLSS 4<\/strong>, <strong data-start=\"592\" data-end=\"612\">Frame Generation<\/strong> un progres\u012bv\u0101ko <strong data-start=\"629\" data-end=\"644\">ray tracing<\/strong> atbalstu.<\/p>\n<p data-start=\"657\" data-end=\"708\">Procesors \u201e<strong data-start=\"670\" data-end=\"707\">AMD Ryzen 9 9950X3D2 Dual Edition<\/strong>\u201c<\/p>\n<p data-start=\"710\" data-end=\"1185\">Arhitekt\u016bra un kodoli <strong data-start=\"738\" data-end=\"762\">\u201eZen 5\u201c arhitekt\u016bra<\/strong>, <strong data-start=\"764\" data-end=\"793\">16 kodoli un 32 pavedieni<\/strong>, papildin\u0101ta ar <strong data-start=\"805\" data-end=\"824\">Dual 3D V-Cache<\/strong> tehnolo\u0123iju, optimiz\u0113ta maksim\u0101lai sp\u0113\u013cu un profesion\u0101lo uzdevumu veiktsp\u0113jai.<br data-start=\"905\" data-end=\"908\">Frekvence augsta b\u0101zes frekvence un boost re\u017e\u012bms l\u012bdz <strong data-start=\"959\" data-end=\"970\">5,6 GHz<\/strong> \u013cauj uztur\u0113t \u0101rk\u0101rt\u012bgi augstu FPS pat CPU pras\u012bg\u0101s sp\u0113l\u0113s.<br data-start=\"1050\" data-end=\"1053\">Atmi\u0146a l\u012bdz <strong data-start=\"1066\" data-end=\"1085\">192 MB L3 ke\u0161atmi\u0146a<\/strong> iev\u0113rojami uzlabo sp\u0113\u013cu stabilit\u0101ti, samazina mikroaiz\u0137er\u0161anos un nodro\u0161ina \u0101tru sist\u0113mas reakciju.<\/p>\n<p data-start=\"1187\" data-end=\"1242\">Videokarte \u201e<strong data-start=\"1203\" data-end=\"1241\">NVIDIA GeForce RTX 5090 32GB GDDR7<\/strong>\u201c<\/p>\n<p data-start=\"1244\" data-end=\"1665\">Arhitekt\u016bra n\u0101kam\u0101s paaudzes NVIDIA arhitekt\u016bra ar <strong data-start=\"1294\" data-end=\"1329\">CUDA, RT un Tensor kodoliem<\/strong>, kas atbalsta <strong data-start=\"1342\" data-end=\"1352\">DLSS 4<\/strong>, <strong data-start=\"1354\" data-end=\"1374\">Frame Generation<\/strong> un progres\u012bv\u0101ko ray tracing tehnolo\u0123iju.<br data-start=\"1416\" data-end=\"1419\">Atmi\u0146a <strong data-start=\"1428\" data-end=\"1443\">32 GB GDDR7<\/strong> nodro\u0161ina milz\u012bgu rezervi 4K, 8K iz\u0161\u0137irtsp\u0113j\u0101m, AI darbiem, 3D render\u0113\u0161anai un n\u0101kotnes AAA sp\u0113l\u0113m.<br data-start=\"1543\" data-end=\"1546\">Tehnolo\u0123ijas DLSS 4 \u013cauj uztur\u0113t \u012bpa\u0161i augstu FPS pat izmantojot maksim\u0101l\u0101s grafikas tehnolo\u0123ijas un ray tracing.<\/p>\n<p data-start=\"776\" data-end=\"1115\"><strong>Pilna specifik\u0101cija:<\/strong><\/p>\n<ul>\n<li><strong><span data-sheets-root=\"1\">Ryzen 9 9950X3D2 Dual Edition<\/span>: <\/strong>16 kodoli, 32 pavedieni, 4,3-5,6 GHz<\/li>\n<li><strong>MSI PRO X870E GAMING PLUS WIFI<\/strong> vai l\u012bdz\u012bga pamatplate<\/li>\n<li><strong><span data-sheets-root=\"1\">DeepCool AG620 BK ARGB V2<\/span> dzes\u0113t\u0101js<\/strong><\/li>\n<li><span data-sheets-root=\"1\"><strong>32GB (2x16GB) DDR5 6000MHz | Corsair Vengeance<\/strong> vai l\u012bdz\u012bgi<\/span><\/li>\n<li><strong>Kingston NV3 1TB M.2 6000MB\/s<\/strong><\/li>\n<li><span data-sheets-root=\"1\"><strong>Nvidia GeForce RTX 5090 32GB GDDR7 | Asus TUF Gaming<\/strong> vai l\u012bdz\u012bga<\/span><\/li>\n<li><strong>BeQuiet Straight Power 1200W 80PLUS Platinum<\/strong><\/li>\n<\/ul>\n<p data-start=\"1929\" data-end=\"1979\"><strong data-start=\"1929\" data-end=\"1979\">Paredzama FPS veiktsp\u0113ja 1440p un 4K iz\u0161\u0137irtsp\u0113j\u0101:<\/strong><\/p>\n<p data-start=\"1981\" data-end=\"2393\"><strong data-start=\"2098\" data-end=\"2116\">Cyberpunk 2077<\/strong> \u2013 ~220 FPS (1440p, Ultra + DLSS 4 Quality) \/ ~160 FPS (4K, Ultra + DLSS Balanced)<br data-start=\"2198\" data-end=\"2201\"><strong data-start=\"2201\" data-end=\"2230\">Call of Duty: Black Ops 6<\/strong> \u2013 ~280 FPS (1440p, Ultra) \/ ~210 FPS (4K, Ultra)<br data-start=\"2279\" data-end=\"2282\"><strong data-start=\"2282\" data-end=\"2301\">Forza Horizon 5<\/strong> \u2013 ~240 FPS (1440p, Ultra) \/ ~180 FPS (4K, Ultra)<br data-start=\"2350\" data-end=\"2353\"><strong data-start=\"2353\" data-end=\"2380\">Assassin\u2019s Creed Mirage<\/strong> \u2013 ~210 FPS (1440p, High) \/ ~155 FPS (4K, High)<br data-start=\"2427\" data-end=\"2430\"><strong data-start=\"2430\" data-end=\"2445\">Alan Wake 2<\/strong> \u2013 ~170 FPS (1440p, High RT + DLSS 4) \/ ~125 FPS (4K, High + DLSS Balanced)<\/p>\n<p><em>\u0160ie skait\u013ci realit\u0101t\u0113 var at\u0161\u0137irties atkar\u012bb\u0101 no konkr\u0113tiem sp\u0113les iestat\u012bjumiem, optimiz\u0101cijas un citiem sist\u0113mas komponentiem.<\/em><\/p>\n","protected":false},"excerpt":{"rendered":"<p>\u201eAMD Ryzen 9 9950X3D2 Dual Edition\u201c un \u201eNVIDIA GeForce RTX 5090 32GB GDDR7\u201c \u2013 izcil\u0101k\u0101 kombin\u0101cija 1440p, 4K un pat<\/p>\n","protected":false},"featured_media":23876,"comment_status":"open","ping_status":"closed","template":"","meta":[],"product_brand":[1749],"product_cat":[495,1762],"product_tag":[505],"class_list":{"0":"post-55095","1":"product","2":"type-product","3":"status-publish","4":"has-post-thumbnail","6":"product_brand-amberglow","7":"product_cat-stacionarie-datori","8":"product_cat-nedelas-piedavajumi","9":"product_tag-ddr5-nuo-32gb-1tb","10":"pa_garantija-24-men-lv","11":"pa_prekes-zenklas-amberglow-lv","12":"pa_procesoriaus-branduoliai-16-cores-lv","13":"pa_vaizdo-plokstes-atmintis-32gb-lv","14":"pa_vaizdo-plokstes-modelis-rtx-5090-lv","16":"first","17":"instock","18":"sale","19":"taxable","20":"shipping-taxable","21":"purchasable","22":"product-type-simple"},"_links":{"self":[{"href":"https:\/\/amberglow.lt\/lv\/wp-json\/wp\/v2\/product\/55095","targetHints":{"allow":["GET"]}}],"collection":[{"href":"https:\/\/amberglow.lt\/lv\/wp-json\/wp\/v2\/product"}],"about":[{"href":"https:\/\/amberglow.lt\/lv\/wp-json\/wp\/v2\/types\/product"}],"replies":[{"embeddable":true,"href":"https:\/\/amberglow.lt\/lv\/wp-json\/wp\/v2\/comments?post=55095"}],"version-history":[{"count":0,"href":"https:\/\/amberglow.lt\/lv\/wp-json\/wp\/v2\/product\/55095\/revisions"}],"wp:featuredmedia":[{"embeddable":true,"href":"https:\/\/amberglow.lt\/lv\/wp-json\/wp\/v2\/media\/23876"}],"wp:attachment":[{"href":"https:\/\/amberglow.lt\/lv\/wp-json\/wp\/v2\/media?parent=55095"}],"wp:term":[{"taxonomy":"product_brand","embeddable":true,"href":"https:\/\/amberglow.lt\/lv\/wp-json\/wp\/v2\/product_brand?post=55095"},{"taxonomy":"product_cat","embeddable":true,"href":"https:\/\/amberglow.lt\/lv\/wp-json\/wp\/v2\/product_cat?post=55095"},{"taxonomy":"product_tag","embeddable":true,"href":"https:\/\/amberglow.lt\/lv\/wp-json\/wp\/v2\/product_tag?post=55095"}],"curies":[{"name":"wp","href":"https:\/\/api.w.org\/{rel}","templated":true}]}}