{"id":55106,"date":"2026-05-07T14:36:09","date_gmt":"2026-05-07T11:36:09","guid":{"rendered":"https:\/\/amberglow.lt\/Bez kategorijas\/stacionarais-dators-core-ultra-7-2700k-plus-rx-9070-xt-16gb\/"},"modified":"2026-05-07T14:36:09","modified_gmt":"2026-05-07T11:36:09","slug":"stacionarais-dators-core-ultra-7-2700k-plus-rx-9070-xt-16gb","status":"publish","type":"product","link":"https:\/\/amberglow.lt\/lv\/stacionarie-datori\/stacionarais-dators-core-ultra-7-2700k-plus-rx-9070-xt-16gb\/","title":{"rendered":"Stacion\u0101rais dators Core Ultra 7 2700K PLUS, RX 9070 XT 16GB"},"content":{"rendered":"<p data-start=\"0\" data-end=\"126\">\u201e<strong data-start=\"1\" data-end=\"33\">Intel Core Ultra 7 270K Plus<\/strong>\u201c un \u201e<strong data-start=\"39\" data-end=\"75\">AMD Radeon RX 9070 XT 16GB GDDR6<\/strong>\u201c \u2013 <strong data-start=\"79\" data-end=\"126\">\u012bpa\u0161i jaud\u012bgs komplekts 1440p un 4K sp\u0113l\u0113m<\/strong><\/p>\n<p data-start=\"128\" data-end=\"617\">\u0160is komplekts ir paredz\u0113ts sp\u0113l\u0113t\u0101jiem un satura veidot\u0101jiem, kuri tiecas p\u0113c <strong data-start=\"192\" data-end=\"214\">maksim\u0101las veiktsp\u0113jas<\/strong>, \u012bpa\u0161i augsta FPS un pl\u016bsto\u0161as sp\u0113\u013cu pieredzes m\u016bsdien\u012bgos AAA projektos. \u201e<strong data-start=\"294\" data-end=\"320\">Core Ultra 7 270K Plus<\/strong>\u201c izce\u013cas ar lielu kodolu skaitu un augstu \u201eboost\u201c frekvenci, t\u0101p\u0113c tas ir lieliski piem\u0113rots gan sp\u0113l\u0113m, gan produktivit\u0101tei, savuk\u0101rt \u201e<strong data-start=\"440\" data-end=\"465\">RX 9070 XT 16GB GDDR6<\/strong>\u201c nodro\u0161ina \u013coti sp\u0113c\u012bgu AMD grafikas veiktsp\u0113ju ar <strong data-start=\"512\" data-end=\"519\">FSR<\/strong>, progres\u012bvu \u201eray tracing\u201c atbalstu un lielu video atmi\u0146u.<\/p>\n<p data-start=\"619\" data-end=\"665\">Procesors \u201e<strong data-start=\"632\" data-end=\"664\">Intel Core Ultra 7 270K Plus<\/strong>\u201c<\/p>\n<p data-start=\"667\" data-end=\"1059\">Arhitekt\u016bra un kodoli: jaun\u0101s paaudzes Intel arhitekt\u016bra ar <strong data-start=\"731\" data-end=\"761\">24 kodoliem (8P + 16E)<\/strong>, optimiz\u0113ta sp\u0113l\u0113m un produktivit\u0101tei.<br data-start=\"802\" data-end=\"805\">Frekvence: augsta b\u0101zes frekvence un \u201eboost\u201c re\u017e\u012bms l\u012bdz <strong data-start=\"856\" data-end=\"867\">5.5 GHz<\/strong> \u013cauj uztur\u0113t \u012bpa\u0161i augstu FPS pat sare\u017e\u0123\u012bt\u0101s sp\u0113\u013cu ain\u0101s.<br data-start=\"934\" data-end=\"937\">Tehnolo\u0123ijas: atbalst\u012btais <strong data-start=\"962\" data-end=\"970\">DDR5<\/strong> atmi\u0146as standarts un modern\u0101s Intel optimiz\u0101cijas nodro\u0161ina \u0101tru sist\u0113mas darb\u012bbu.<\/p>\n<p data-start=\"1061\" data-end=\"1114\">Videokarte \u201e<strong data-start=\"1077\" data-end=\"1113\">AMD Radeon RX 9070 XT 16GB GDDR6<\/strong>\u201c<\/p>\n<p data-start=\"1116\" data-end=\"1634\">Arhitekt\u016bra: jaun\u0101s paaudzes <strong data-start=\"1143\" data-end=\"1157\">AMD RDNA 4<\/strong> arhitekt\u016bra ar progres\u012bvu \u201eray tracing\u201c atbalstu un optimiz\u0113tu veiktsp\u0113ju modern\u0101m AAA sp\u0113l\u0113m. <br data-start=\"1290\" data-end=\"1293\">Atmi\u0146a: <strong data-start=\"1302\" data-end=\"1317\">16 GB GDDR6<\/strong> nodro\u0161ina lielu rezervi <strong data-start=\"1342\" data-end=\"1365\">1440p un 4K iz\u0161\u0137irtsp\u0113jai<\/strong>, \u013cauj izmantot augstus tekst\u016bru iestat\u012bjumus un sare\u017e\u0123\u012btus grafikas efektus. <br data-start=\"1481\" data-end=\"1484\">Tehnolo\u0123ijas: <strong data-start=\"1498\" data-end=\"1509\">AMD FSR<\/strong> \u013cauj palielin\u0101t FPS un nodro\u0161in\u0101t pl\u016bsto\u0161u sp\u0113li pat grafiski sare\u017e\u0123\u012bt\u0101s ain\u0101s.<\/p>\n<p data-start=\"831\" data-end=\"1186\"><strong>Pilna specifik\u0101cija:<\/strong><\/p>\n<ul>\n<li><strong>Intel <span data-sheets-root=\"1\">Core Ultra 7-270K PLUS<\/span>: 2<\/strong>4 kodoli, 24 pavedieni, 3.7-5.54GHz<\/li>\n<li><span data-sheets-root=\"1\"><strong>ASRock B860 PRO RS<\/strong> vai l\u012bdz\u012bga<\/span><\/li>\n<li><span data-sheets-root=\"1\"><strong>Arctic Freezer 36<\/strong> vai l\u012bdz\u012bgs<\/span><\/li>\n<li><span data-sheets-root=\"1\"><strong>32GB (2x16GB) DDR5 6000MHz | Corsair Vengeance<\/strong> vai l\u012bdz\u012bgi  <\/span><\/li>\n<li><strong>Kingston NV3 1TB NVMe M.2 SSD <\/strong><\/li>\n<li><span data-sheets-root=\"1\"><strong>AMD Radeon RX 9060 XT 16GB GDDR6 | ASRock Challenger OC<\/strong> vai l\u012bdz\u012bga<\/span><\/li>\n<li><span data-sheets-root=\"1\"><strong>Chieftec 850W 80+ Gold<\/strong> vai l\u012bdz\u012bgs<\/span><\/li>\n<\/ul>\n<p data-start=\"1667\" data-end=\"1718\"><strong data-start=\"1645\" data-end=\"1695\">Paredzamie FPS rezult\u0101ti 1440p un 4K iz\u0161\u0137irtsp\u0113j\u0101:<br \/>\n<\/strong><strong data-start=\"2074\" data-end=\"2092\">Cyberpunk 2077<\/strong> \u2013 ~165 FPS (1440p, Ultra + FSR) \/ ~120 FPS (4K, High + FSR)<br data-start=\"2152\" data-end=\"2155\"><strong data-start=\"2155\" data-end=\"2184\">Call of Duty: Black Ops 6<\/strong> \u2013 ~220 FPS (1440p, Ultra) \/ ~160 FPS (4K, Ultra)<br data-start=\"2233\" data-end=\"2236\"><strong data-start=\"2236\" data-end=\"2255\">Forza Horizon 5<\/strong> \u2013 ~195 FPS (1440p, Ultra) \/ ~145 FPS (4K, Ultra)<br data-start=\"2304\" data-end=\"2307\"><strong data-start=\"2307\" data-end=\"2334\">Assassin\u2019s Creed Mirage<\/strong> \u2013 ~170 FPS (1440p, High) \/ ~130 FPS (4K, High)<br data-start=\"2381\" data-end=\"2384\"><strong data-start=\"2384\" data-end=\"2399\">Alan Wake 2<\/strong> \u2013 ~135 FPS (1440p, High RT + FSR) \/ ~100 FPS (4K, High + FSR)<\/p>\n<p><em>\u0160ie skait\u013ci realit\u0101t\u0113 var at\u0161\u0137irties atkar\u012bb\u0101 no konkr\u0113tiem sp\u0113les iestat\u012bjumiem, optimiz\u0101cijas un citiem sist\u0113mas komponentiem.<\/em><\/p>\n","protected":false},"excerpt":{"rendered":"<p>\u201eIntel Core Ultra 7 270K Plus\u201c un \u201eAMD Radeon RX 9070 XT 16GB GDDR6\u201c \u2013 \u012bpa\u0161i jaud\u012bgs komplekts 1440p un<\/p>\n","protected":false},"featured_media":23625,"comment_status":"open","ping_status":"closed","template":"","meta":[],"product_brand":[1749],"product_cat":[495],"product_tag":[505],"class_list":{"0":"post-55106","1":"product","2":"type-product","3":"status-publish","4":"has-post-thumbnail","6":"product_brand-amberglow","7":"product_cat-stacionarie-datori","8":"product_tag-ddr5-nuo-32gb-1tb","9":"pa_garantija-24-men-lv","10":"pa_prekes-zenklas-amberglow-lv","11":"pa_procesoriaus-branduoliai-24-cores-lv","12":"pa_vaizdo-plokstes-atmintis-16gb-lv","13":"pa_vaizdo-plokstes-modelis-rx-9070-xt-lv","15":"first","16":"instock","17":"taxable","18":"shipping-taxable","19":"purchasable","20":"product-type-simple"},"_links":{"self":[{"href":"https:\/\/amberglow.lt\/lv\/wp-json\/wp\/v2\/product\/55106","targetHints":{"allow":["GET"]}}],"collection":[{"href":"https:\/\/amberglow.lt\/lv\/wp-json\/wp\/v2\/product"}],"about":[{"href":"https:\/\/amberglow.lt\/lv\/wp-json\/wp\/v2\/types\/product"}],"replies":[{"embeddable":true,"href":"https:\/\/amberglow.lt\/lv\/wp-json\/wp\/v2\/comments?post=55106"}],"version-history":[{"count":0,"href":"https:\/\/amberglow.lt\/lv\/wp-json\/wp\/v2\/product\/55106\/revisions"}],"wp:featuredmedia":[{"embeddable":true,"href":"https:\/\/amberglow.lt\/lv\/wp-json\/wp\/v2\/media\/23625"}],"wp:attachment":[{"href":"https:\/\/amberglow.lt\/lv\/wp-json\/wp\/v2\/media?parent=55106"}],"wp:term":[{"taxonomy":"product_brand","embeddable":true,"href":"https:\/\/amberglow.lt\/lv\/wp-json\/wp\/v2\/product_brand?post=55106"},{"taxonomy":"product_cat","embeddable":true,"href":"https:\/\/amberglow.lt\/lv\/wp-json\/wp\/v2\/product_cat?post=55106"},{"taxonomy":"product_tag","embeddable":true,"href":"https:\/\/amberglow.lt\/lv\/wp-json\/wp\/v2\/product_tag?post=55106"}],"curies":[{"name":"wp","href":"https:\/\/api.w.org\/{rel}","templated":true}]}}