{"id":55108,"date":"2026-03-12T10:17:40","date_gmt":"2026-03-12T07:17:40","guid":{"rendered":"https:\/\/amberglow.lt\/Bez kategorijas\/stacionarais-dators-ryzen-5-5500-rtx-5050-8gb-2\/"},"modified":"2026-03-12T10:17:40","modified_gmt":"2026-03-12T07:17:40","slug":"stacionarais-dators-ryzen-5-5500-rtx-5050-8gb-2","status":"publish","type":"product","link":"https:\/\/amberglow.lt\/lv\/stacionarie-datori\/stacionarais-dators-ryzen-5-5500-rtx-5050-8gb-2\/","title":{"rendered":"Stacion\u0101rais dators Ryzen 5 5500, RTX 5050 8GB"},"content":{"rendered":"<p data-start=\"0\" data-end=\"124\">\u201e<strong data-start=\"1\" data-end=\"21\">AMD Ryzen 5 5500<\/strong>\u201c un \u201e<strong data-start=\"27\" data-end=\"58\">NVIDIA GeForce RTX 5050 8GB<\/strong>\u201c \u2013 <strong data-start=\"62\" data-end=\"124\">l\u012bdzsvarots bud\u017eeta komplekts 1080p un 1440p sp\u0113l\u0113m<\/strong><\/p>\n<p data-start=\"126\" data-end=\"552\">\u0160is komplekts ir paredz\u0113ts sp\u0113l\u0113t\u0101jiem, kuri v\u0113las <strong data-start=\"168\" data-end=\"210\">labu sp\u0113\u013cu veiktsp\u0113ju par pie\u0146emamu cenu<\/strong>. \u201e<strong data-start=\"213\" data-end=\"229\">Ryzen 5 5500<\/strong>\u201c ir uzticams <strong data-start=\"245\" data-end=\"290\">6 kodolu un 12 pavedienu Zen 3 procesors<\/strong>, kas ir lieliski piem\u0113rots ikdienas lieto\u0161anai un sp\u0113l\u0113m, savuk\u0101rt \u201e<strong data-start=\"349\" data-end=\"361\">RTX 5050<\/strong>\u201c nodro\u0161ina modernas NVIDIA tehnolo\u0123ijas, piem\u0113ram, <strong data-start=\"416\" data-end=\"439\">DLSS un ray tracing<\/strong>, kas \u013cauj ieg\u016bt augst\u0101ku FPS pat grafiski sare\u017e\u0123\u012bt\u0101s sp\u0113l\u0113s. <\/p>\n<p data-start=\"554\" data-end=\"588\"><strong>Procesors \u201eAMD Ryzen 5 5500\u201c<\/strong><\/p>\n<p data-start=\"590\" data-end=\"1025\">Arhitekt\u016bra un kodoli <strong data-start=\"618\" data-end=\"642\">\u201eZen 3\u201c arhitekt\u016bra<\/strong>, <strong data-start=\"644\" data-end=\"672\">6 kodoli un 12 pavedieni<\/strong>, rad\u012bta efekt\u012bvai sp\u0113\u013cu un ikdienas darba veiktsp\u0113jai. <br data-start=\"766\" data-end=\"769\">Frekvence <strong data-start=\"776\" data-end=\"795\">3,6 GHz b\u0101zes<\/strong> un boost l\u012bdz <strong data-start=\"809\" data-end=\"821\">~4,2 GHz<\/strong>, \u013cauj stabili uztur\u0113t FPS vairum\u0101 sp\u0113\u013cu. <br data-start=\"911\" data-end=\"914\">Platforma <strong data-start=\"924\" data-end=\"931\">AM4<\/strong>, t\u0101p\u0113c var izmantot pla\u0161i pieejamas un l\u0113tas m\u0101tesplates un DDR4 atmi\u0146u.<\/p>\n<p data-start=\"1027\" data-end=\"1075\"><strong>Videokarte \u201eNVIDIA GeForce RTX 5050 8GB\u201c<\/strong><\/p>\n<p data-start=\"1077\" data-end=\"1502\">Arhitekt\u016bra <strong data-start=\"1090\" data-end=\"1110\">NVIDIA Blackwell<\/strong> ar CUDA, RT un Tensor kodoliem, k\u0101 ar\u012b <strong data-start=\"1150\" data-end=\"1160\">DLSS 4<\/strong> atbalstu. <br data-start=\"1209\" data-end=\"1212\">Atmi\u0146a <strong data-start=\"1221\" data-end=\"1235\">8 GB GDDR6<\/strong>, piem\u0113rota <strong data-start=\"1245\" data-end=\"1273\">1080p un 1440p sp\u0113l\u0113m<\/strong> ar augstiem iestat\u012bjumiem. <br data-start=\"1336\" data-end=\"1339\">Tehnolo\u0123ijas <strong data-start=\"1353\" data-end=\"1381\">DLSS un Frame Generation<\/strong> var palielin\u0101t FPS un nodro\u0161in\u0101t pl\u016bsto\u0161\u0101ku sp\u0113li m\u016bsdienu AAA projektos<\/p>\n<p data-start=\"1667\" data-end=\"1718\"><strong data-start=\"1308\" data-end=\"1352\">Paredzamie FPS rezult\u0101ti 1080p iz\u0161\u0137irtsp\u0113j\u0101:<\/strong><br data-start=\"1352\" data-end=\"1355\"><strong data-start=\"1916\" data-end=\"1934\">Cyberpunk 2077<\/strong> \u2013 ~95 FPS (1080p High + DLSS) \/ ~65 FPS (1440p High + DLSS)<br data-start=\"1994\" data-end=\"1997\"><strong data-start=\"1997\" data-end=\"2035\">Call of Duty Warzone \/ Black Ops 6<\/strong> \u2013 ~140 FPS (1080p Ultra) \/ ~95 FPS (1440p High)<br data-start=\"2083\" data-end=\"2086\"><strong data-start=\"2086\" data-end=\"2105\">Forza Horizon 5<\/strong> \u2013 ~120 FPS (1080p Ultra) \/ ~85 FPS (1440p Ultra)<br data-start=\"2154\" data-end=\"2157\"><strong data-start=\"2157\" data-end=\"2184\">Assassin\u2019s Creed Mirage<\/strong> \u2013 ~110 FPS (1080p High) \/ ~75 FPS (1440p High)<br data-start=\"2231\" data-end=\"2234\"><strong data-start=\"2234\" data-end=\"2249\">Alan Wake 2<\/strong> \u2013 ~80 FPS (1080p Medium + DLSS) \/ ~55 FPS (1440p Medium + DLSS)<\/p>\n<p><em>\u0160ie skait\u013ci realit\u0101t\u0113 var at\u0161\u0137irties atkar\u012bb\u0101 no konkr\u0113tiem sp\u0113les iestat\u012bjumiem, optimiz\u0101cijas un citiem sist\u0113mas komponentiem.<\/em><\/p>\n","protected":false},"excerpt":{"rendered":"<p>\u201eAMD Ryzen 5 5500\u201c un \u201eNVIDIA GeForce RTX 5050 8GB\u201c \u2013 l\u012bdzsvarots bud\u017eeta komplekts 1080p un 1440p sp\u0113l\u0113m \u0160is komplekts<\/p>\n","protected":false},"featured_media":20905,"comment_status":"open","ping_status":"closed","template":"","meta":[],"product_brand":[1749],"product_cat":[495,1762],"product_tag":[508],"class_list":{"0":"post-55108","1":"product","2":"type-product","3":"status-publish","4":"has-post-thumbnail","6":"product_brand-amberglow","7":"product_cat-stacionarie-datori","8":"product_cat-nedelas-piedavajumi","9":"product_tag-ddr4-nuo-16gb-512gb","10":"pa_garantija-24-men-lv","11":"pa_prekes-zenklas-amberglow-lv","12":"pa_procesoriaus-branduoliai-6-cores-lv","13":"pa_vaizdo-plokstes-atmintis-8gb-lv","14":"pa_vaizdo-plokstes-modelis-rtx-5050-lv","16":"first","17":"instock","18":"sale","19":"taxable","20":"shipping-taxable","21":"purchasable","22":"product-type-simple"},"_links":{"self":[{"href":"https:\/\/amberglow.lt\/lv\/wp-json\/wp\/v2\/product\/55108","targetHints":{"allow":["GET"]}}],"collection":[{"href":"https:\/\/amberglow.lt\/lv\/wp-json\/wp\/v2\/product"}],"about":[{"href":"https:\/\/amberglow.lt\/lv\/wp-json\/wp\/v2\/types\/product"}],"replies":[{"embeddable":true,"href":"https:\/\/amberglow.lt\/lv\/wp-json\/wp\/v2\/comments?post=55108"}],"version-history":[{"count":0,"href":"https:\/\/amberglow.lt\/lv\/wp-json\/wp\/v2\/product\/55108\/revisions"}],"wp:featuredmedia":[{"embeddable":true,"href":"https:\/\/amberglow.lt\/lv\/wp-json\/wp\/v2\/media\/20905"}],"wp:attachment":[{"href":"https:\/\/amberglow.lt\/lv\/wp-json\/wp\/v2\/media?parent=55108"}],"wp:term":[{"taxonomy":"product_brand","embeddable":true,"href":"https:\/\/amberglow.lt\/lv\/wp-json\/wp\/v2\/product_brand?post=55108"},{"taxonomy":"product_cat","embeddable":true,"href":"https:\/\/amberglow.lt\/lv\/wp-json\/wp\/v2\/product_cat?post=55108"},{"taxonomy":"product_tag","embeddable":true,"href":"https:\/\/amberglow.lt\/lv\/wp-json\/wp\/v2\/product_tag?post=55108"}],"curies":[{"name":"wp","href":"https:\/\/api.w.org\/{rel}","templated":true}]}}