{"id":55122,"date":"2026-05-08T11:12:34","date_gmt":"2026-05-08T08:12:34","guid":{"rendered":"https:\/\/amberglow.lt\/Bez kategorijas\/stacionarais-dators-ryzen-7-7700-rtx-5050-8gb\/"},"modified":"2026-05-08T11:12:34","modified_gmt":"2026-05-08T08:12:34","slug":"stacionarais-dators-ryzen-7-7700-rtx-5050-8gb","status":"publish","type":"product","link":"https:\/\/amberglow.lt\/lv\/stacionarie-datori\/stacionarais-dators-ryzen-7-7700-rtx-5050-8gb\/","title":{"rendered":"Stacion\u0101rais dators Ryzen 7 7700, RTX 5050 8GB"},"content":{"rendered":"<p data-start=\"0\" data-end=\"103\"><strong data-start=\"0\" data-end=\"103\">\u201eAMD Ryzen 7 7700\u201c un \u201eNVIDIA GeForce RTX 5050 8GB GDDR6\u201c \u2013 lieliska kombin\u0101cija 1080p un 1440p sp\u0113l\u0113m<\/strong><\/p>\n<p data-start=\"105\" data-end=\"529\">\u0160\u012b kombin\u0101cija paredz\u0113ta sp\u0113l\u0113t\u0101jiem, kuri v\u0113las augstu FPS 1080p iz\u0161\u0137irtsp\u0113j\u0101 un labu veiktsp\u0113ju 1440p sp\u0113l\u0113s. <strong data-start=\"209\" data-end=\"227\">\u201eRyzen 7 7700\u201c<\/strong> pied\u0101v\u0101 modernu <strong data-start=\"246\" data-end=\"270\">\u201eZen 4\u201c arhitekt\u016bru<\/strong> un 8 kodolu veiktsp\u0113ju, padarot to ide\u0101li piem\u0113rotu gan sp\u0113l\u0113m, gan produktivit\u0101tei, savuk\u0101rt <strong data-start=\"353\" data-end=\"377\">\u201eRTX 5050 8GB GDDR6\u201c<\/strong> nodro\u0161ina modernu NVIDIA grafisko jaudu ar <strong data-start=\"420\" data-end=\"430\">DLSS 4<\/strong>, <strong data-start=\"432\" data-end=\"452\">Frame Generation<\/strong> un progres\u012bvu <strong data-start=\"465\" data-end=\"480\">ray tracing<\/strong> atbalstu.<\/p>\n<p data-start=\"531\" data-end=\"565\"><strong data-start=\"531\" data-end=\"565\">Procesors AMD Ryzen 7 7700<\/strong><\/p>\n<p data-start=\"567\" data-end=\"931\"><strong data-start=\"567\" data-end=\"599\">Arhitekt\u016bra un kodoli:<\/strong> \u201eZen 4\u201c arhitekt\u016bra ar <strong data-start=\"624\" data-end=\"653\">8 kodoliem un 16 pavedieniem<\/strong>, optimiz\u0113ta sp\u0113l\u0113m un produktivit\u0101tei.<br data-start=\"694\" data-end=\"697\"><strong data-start=\"697\" data-end=\"708\">Frekvence:<\/strong> b\u0101zes frekvence <strong data-start=\"724\" data-end=\"735\">3.8 GHz<\/strong>, boost re\u017e\u012bm\u0101 l\u012bdz <strong data-start=\"754\" data-end=\"765\">5.3 GHz<\/strong> \u2013 nodro\u0161ina augstu FPS modern\u0101s sp\u0113l\u0113s.<br data-start=\"812\" data-end=\"815\"><strong data-start=\"815\" data-end=\"828\">Atmi\u0146a:<\/strong> <strong data-start=\"829\" data-end=\"847\">32 MB L3 ke\u0161atmi\u0146a<\/strong> uzlabo sist\u0113mas reakciju un sp\u0113\u013cu veiktsp\u0113ju.<\/p>\n<p data-start=\"933\" data-end=\"987\"><strong data-start=\"933\" data-end=\"987\">Videokarte \u201eNVIDIA GeForce RTX 5050 8GB GDDR6\u201c<\/strong><\/p>\n<p data-start=\"989\" data-end=\"1519\"><strong data-start=\"989\" data-end=\"1006\">Arhitekt\u016bra:<\/strong> n\u0101kam\u0101s paaudzes NVIDIA arhitekt\u016bra ar CUDA, RT un Tensor kodoliem, kas atbalsta <strong data-start=\"1088\" data-end=\"1098\">DLSS 4<\/strong>, <strong data-start=\"1100\" data-end=\"1120\">Frame Generation<\/strong> un <strong data-start=\"1124\" data-end=\"1139\">ray tracing<\/strong>.<br data-start=\"1140\" data-end=\"1143\"><strong data-start=\"1143\" data-end=\"1156\">Atmi\u0146a:<\/strong> <strong data-start=\"1157\" data-end=\"1171\">8 GB GDDR6<\/strong> ir lieliski piem\u0113rota <strong data-start=\"1186\" data-end=\"1201\">1080p Ultra<\/strong> un liel\u0101kajai da\u013cai <strong data-start=\"1215\" data-end=\"1236\">1440p Medium\/High<\/strong> sp\u0113\u013cu, lai gan da\u017eos jaun\u0101kajos AAA projektos <strong data-start=\"1293\" data-end=\"1305\">8GB VRAM<\/strong> var b\u016bt ierobe\u017eojo\u0161s faktors, izmantojot Ultra tekst\u016bras. <br data-start=\"1401\" data-end=\"1404\"><strong data-start=\"1404\" data-end=\"1422\">Tehnolo\u0123ijas:<\/strong> <strong data-start=\"1423\" data-end=\"1433\">DLSS 4<\/strong> \u013cauj uztur\u0113t augstu FPS pat ar progres\u012bviem grafikas efektiem un ray tracing.<\/p>\n<p><strong>Pilna specifik\u0101cija:<\/strong><\/p>\n<ul>\n<li><strong>AMD Ryzen 7 7700: <\/strong>8 kodoli, 16 pavedienu, 3,8-5,3GHz<\/li>\n<li><span data-sheets-root=\"1\"><strong>ASRock B850M PRO-A<\/strong> vai l\u012bdz\u012bga<\/span><\/li>\n<li><span data-sheets-root=\"1\"><strong>Arctic Freezer 36<\/strong> vai l\u012bdz\u012bgs<\/span><\/li>\n<li><span data-sheets-root=\"1\"><strong>32GB (2x16GB) DDR5 6000MHz | Corsair Vengeance<\/strong> vai l\u012bdz\u012bgi<\/span><\/li>\n<li><strong>Kingston NV3 1TB NVMe M.2 SSD <\/strong><\/li>\n<li><span data-sheets-root=\"1\"><strong>Nvidia GeForce RTX 5050 8GB | Asus Dual OC<\/strong> vai l\u012bdz\u012bga<\/span><\/li>\n<li><span data-sheets-root=\"1\"><strong>Chieftec 650W 80+ Bronze<\/strong> vai l\u012bdz\u012bgs<\/span><\/li>\n<\/ul>\n<p data-start=\"1709\" data-end=\"1764\"><strong data-start=\"1709\" data-end=\"1762\">Paredzama FPS veiktsp\u0113ja 1080p un 1440p iz\u0161\u0137irtsp\u0113j\u0101:<\/strong><\/p>\n<p data-start=\"1958\" data-end=\"2058\"><strong data-start=\"1958\" data-end=\"1976\">Cyberpunk 2077<\/strong> \u2013 ~105 FPS (1080p, High + DLSS Quality) \/ ~72 FPS (1440p, Medium + DLSS Balanced)<\/p>\n<p data-start=\"2060\" data-end=\"2140\"><strong data-start=\"2060\" data-end=\"2089\">Call of Duty: Black Ops 6<\/strong> \u2013 ~175 FPS (1080p, Ultra) \/ ~125 FPS (1440p, High)<\/p>\n<p data-start=\"2142\" data-end=\"2212\"><strong data-start=\"2142\" data-end=\"2161\">Forza Horizon 5<\/strong> \u2013 ~155 FPS (1080p, Ultra) \/ ~110 FPS (1440p, High)<\/p>\n<p data-start=\"2214\" data-end=\"2290\"><strong data-start=\"2214\" data-end=\"2241\">Assassin\u2019s Creed Mirage<\/strong> \u2013 ~130 FPS (1080p, High) \/ ~92 FPS (1440p, High)<\/p>\n<p data-start=\"2292\" data-end=\"2376\"><strong data-start=\"2292\" data-end=\"2307\">Alan Wake 2<\/strong> \u2013 ~82 FPS (1080p, Medium RT + DLSS) \/ ~55 FPS (1440p, Medium + DLSS)<\/p>\n<p><em>\u0160ie skait\u013ci realit\u0101t\u0113 var at\u0161\u0137irties atkar\u012bb\u0101 no konkr\u0113tiem sp\u0113les iestat\u012bjumiem, optimiz\u0101cijas un citiem sist\u0113mas komponentiem.<\/em><\/p>\n","protected":false},"excerpt":{"rendered":"<p>\u201eAMD Ryzen 7 7700\u201c un \u201eNVIDIA GeForce RTX 5050 8GB GDDR6\u201c \u2013 lieliska kombin\u0101cija 1080p un 1440p sp\u0113l\u0113m \u0160\u012b kombin\u0101cija<\/p>\n","protected":false},"featured_media":30447,"comment_status":"open","ping_status":"closed","template":"","meta":[],"product_brand":[1749],"product_cat":[495],"product_tag":[505],"class_list":{"0":"post-55122","1":"product","2":"type-product","3":"status-publish","4":"has-post-thumbnail","6":"product_brand-amberglow","7":"product_cat-stacionarie-datori","8":"product_tag-ddr5-nuo-32gb-1tb","9":"pa_garantija-24-men-lv","10":"pa_prekes-zenklas-amberglow-lv","11":"pa_procesoriaus-branduoliai-8-cores-lv","12":"pa_vaizdo-plokstes-atmintis-8gb-lv","13":"pa_vaizdo-plokstes-modelis-rtx-5050-lv","15":"first","16":"instock","17":"taxable","18":"shipping-taxable","19":"purchasable","20":"product-type-simple"},"_links":{"self":[{"href":"https:\/\/amberglow.lt\/lv\/wp-json\/wp\/v2\/product\/55122","targetHints":{"allow":["GET"]}}],"collection":[{"href":"https:\/\/amberglow.lt\/lv\/wp-json\/wp\/v2\/product"}],"about":[{"href":"https:\/\/amberglow.lt\/lv\/wp-json\/wp\/v2\/types\/product"}],"replies":[{"embeddable":true,"href":"https:\/\/amberglow.lt\/lv\/wp-json\/wp\/v2\/comments?post=55122"}],"version-history":[{"count":0,"href":"https:\/\/amberglow.lt\/lv\/wp-json\/wp\/v2\/product\/55122\/revisions"}],"wp:featuredmedia":[{"embeddable":true,"href":"https:\/\/amberglow.lt\/lv\/wp-json\/wp\/v2\/media\/30447"}],"wp:attachment":[{"href":"https:\/\/amberglow.lt\/lv\/wp-json\/wp\/v2\/media?parent=55122"}],"wp:term":[{"taxonomy":"product_brand","embeddable":true,"href":"https:\/\/amberglow.lt\/lv\/wp-json\/wp\/v2\/product_brand?post=55122"},{"taxonomy":"product_cat","embeddable":true,"href":"https:\/\/amberglow.lt\/lv\/wp-json\/wp\/v2\/product_cat?post=55122"},{"taxonomy":"product_tag","embeddable":true,"href":"https:\/\/amberglow.lt\/lv\/wp-json\/wp\/v2\/product_tag?post=55122"}],"curies":[{"name":"wp","href":"https:\/\/api.w.org\/{rel}","templated":true}]}}